{"id":395,"date":"2023-11-11T09:35:24","date_gmt":"2023-11-11T08:35:24","guid":{"rendered":"https:\/\/danielmatemoreno.com\/?page_id=395"},"modified":"2024-05-05T08:24:05","modified_gmt":"2024-05-05T06:24:05","slug":"395-2","status":"publish","type":"page","link":"https:\/\/danielmatemoreno.com\/index.php\/395-2\/","title":{"rendered":"ACERCA DE MI"},"content":{"rendered":"\n<p class=\"has-text-align-center\" style=\"font-size:34px\"><\/p>\n\n\n\n<figure class=\"wp-block-image aligncenter size-large is-resized\"><img loading=\"lazy\" decoding=\"async\" width=\"1024\" height=\"1024\" src=\"http:\/\/danielmatemoreno.com\/wp-content\/uploads\/2023\/11\/GOPR1723-Editar-1024x1024.jpg\" alt=\"\" class=\"wp-image-396\" style=\"aspect-ratio:1;object-fit:cover;width:500px\" srcset=\"https:\/\/danielmatemoreno.com\/wp-content\/uploads\/2023\/11\/GOPR1723-Editar-1024x1024.jpg 1024w, https:\/\/danielmatemoreno.com\/wp-content\/uploads\/2023\/11\/GOPR1723-Editar-300x300.jpg 300w, https:\/\/danielmatemoreno.com\/wp-content\/uploads\/2023\/11\/GOPR1723-Editar-150x150.jpg 150w, https:\/\/danielmatemoreno.com\/wp-content\/uploads\/2023\/11\/GOPR1723-Editar-768x768.jpg 768w, https:\/\/danielmatemoreno.com\/wp-content\/uploads\/2023\/11\/GOPR1723-Editar-1536x1536.jpg 1536w, https:\/\/danielmatemoreno.com\/wp-content\/uploads\/2023\/11\/GOPR1723-Editar-2048x2048.jpg 2048w, https:\/\/danielmatemoreno.com\/wp-content\/uploads\/2023\/11\/GOPR1723-Editar-855x855.jpg 855w, https:\/\/danielmatemoreno.com\/wp-content\/uploads\/2023\/11\/GOPR1723-Editar-800x800.jpg 800w, https:\/\/danielmatemoreno.com\/wp-content\/uploads\/2023\/11\/GOPR1723-Editar-600x600.jpg 600w\" sizes=\"auto, (max-width: 1024px) 100vw, 1024px\" \/><\/figure>\n\n\n\n<p><\/p>\n\n\n\n<p><\/p>\n\n\n\n<p><\/p>\n\n\n\n<p class=\"has-text-align-center\">Soy <strong>Daniel Mat\u00e9 Moreno<\/strong>, nacido en Burgos.<\/p>\n\n\n\n<p class=\"has-text-align-center\">Me defino como fot\u00f3grafo aficionado avanzado, miembro de la Asociaci\u00f3n Fotogr\u00e1fica Burgalesa y del grupo de Monta\u00f1eros de Pradoluengo<\/p>\n\n\n\n<p class=\"has-text-align-center\">So\u00f1ador por naturaleza y aficionado, desde hace mucho tiempo, al deporte de aventuras como lo es la escalada y el monta\u00f1ismo.<\/p>\n\n\n\n<p class=\"has-text-align-center\">Combin\u00e9 mis aventuras con una c\u00e1mara de fotos y termin\u00e9 atrapado por el arte de capturar mi propio punto de vista del entorno.<\/p>\n\n\n\n<p class=\"has-text-align-center\">Autodidacta avanzado en fotograf\u00eda y continuamente reciclado con multitud de cursos de t\u00e9cnicas como de revelado y post-procesado, invierto gran parte de mi tiempo libre en entornos naturales por lo que mis grandes temas son los paisajes, los bosques y los detalles de la naturaleza.<\/p>\n\n\n\n<p class=\"has-text-align-center\">La continua persecuci\u00f3n de hacer algo nuevo y la curiosidad por explorar multitud de segmentos ocasionan que mi creatividad pruebe con diversas t\u00e9cnicas y diferentes tipos de fotograf\u00eda de lo que siempre saco un aprendizaje extra que me es \u00fatil para diversas materias como para consolidar conocimientos.<\/p>\n\n\n\n<p><\/p>\n\n\n\n<p class=\"has-text-align-center\"><strong><a href=\"mailto:contacto@danielmatemoreno.com\">contacto@danielmatemoreno.com<\/a><\/strong><\/p>\n","protected":false},"excerpt":{"rendered":"<p>Soy Daniel Mat\u00e9 Moreno, nacido en Burgos. Me defino como fot\u00f3grafo aficionado avanzado, miembro de la Asociaci\u00f3n Fotogr\u00e1fica Burgalesa y<span class=\"more-dots\">&#8230;<\/span><\/p>\n","protected":false},"author":1,"featured_media":0,"parent":0,"menu_order":0,"comment_status":"closed","ping_status":"closed","template":"","meta":{"footnotes":""},"class_list":["post-395","page","type-page","status-publish","hentry","no-post-thumbnail"],"_links":{"self":[{"href":"https:\/\/danielmatemoreno.com\/index.php\/wp-json\/wp\/v2\/pages\/395","targetHints":{"allow":["GET"]}}],"collection":[{"href":"https:\/\/danielmatemoreno.com\/index.php\/wp-json\/wp\/v2\/pages"}],"about":[{"href":"https:\/\/danielmatemoreno.com\/index.php\/wp-json\/wp\/v2\/types\/page"}],"author":[{"embeddable":true,"href":"https:\/\/danielmatemoreno.com\/index.php\/wp-json\/wp\/v2\/users\/1"}],"replies":[{"embeddable":true,"href":"https:\/\/danielmatemoreno.com\/index.php\/wp-json\/wp\/v2\/comments?post=395"}],"version-history":[{"count":7,"href":"https:\/\/danielmatemoreno.com\/index.php\/wp-json\/wp\/v2\/pages\/395\/revisions"}],"predecessor-version":[{"id":445,"href":"https:\/\/danielmatemoreno.com\/index.php\/wp-json\/wp\/v2\/pages\/395\/revisions\/445"}],"wp:attachment":[{"href":"https:\/\/danielmatemoreno.com\/index.php\/wp-json\/wp\/v2\/media?parent=395"}],"curies":[{"name":"wp","href":"https:\/\/api.w.org\/{rel}","templated":true}]}}